{"id":8326,"date":"2020-02-10T11:06:53","date_gmt":"2020-02-10T10:06:53","guid":{"rendered":"https:\/\/niceshopping.fr\/?page_id=8326"},"modified":"2022-08-30T09:47:28","modified_gmt":"2022-08-30T07:47:28","slug":"legal-information","status":"publish","type":"page","link":"https:\/\/niceshopping.fr\/en\/legal-information\/","title":{"rendered":"Legal information"},"content":{"rendered":"\n<div class=\"wp-block-group alignwide\"><div class=\"wp-block-group__inner-container is-layout-flow wp-block-group-is-layout-flow\">\n<h2 class=\"wp-block-heading\">Editeur<\/h2>\n\n\n\n<p>NICE SHOPPING <br>30 avenue Jean M\u00e9decin<br>06000 Nice<br>04 93 16 15 10<br>contact@niceshopping.fr<\/p>\n\n\n\n<p>Association \u00e0 but non lucratif, loi de 1901.<br>N\u00b0 de Siret :  830 929 584 00027<\/p>\n\n\n\n<p>Pr\u00e9sident : Patrick NOLIER<br>Responsable : Cindy ELKAIM O&#8217;NEILL<\/p>\n\n\n\n<h2 class=\"wp-block-heading\">H\u00e9bergement<\/h2>\n\n\n\n<p>H\u00e9bergeur : OVH SERVEUR D\u00c9DI\u00c9 par Comdz \u2013 Dpi design<br>2 rue Kellermann \u2013 59100 Roubaix \u2013 France<br>Site Web : https:\/\/www.ovh.com\/<\/p>\n\n\n\n<h2 class=\"wp-block-heading\">Cr\u00e9ation et d\u00e9veloppement<\/h2>\n\n\n\n<p>Agence ComDZ<br>Adresse : 331 avenue du docteur Julien Lefebvre \u2013 Villeneuve-Loubet<br>T\u00e9l\u00e9phone : 04 93 34 18 68<br>Site Web : www.comdz.fr<\/p>\n\n\n\n<h2 class=\"wp-block-heading\" id=\"credit-photos\">Cr\u00e9dit photos<\/h2>\n\n\n\n<p>Les \u00e9l\u00e9ments visuels int\u00e9gr\u00e9s sur ce site ont \u00e9t\u00e9 effectu\u00e9es par ComDZ. Certains \u00e9l\u00e9ments visuels peuvent \u00e9galement provenir de la banque d\u2019image Istock photos.<\/p>\n\n\n\n<h2 class=\"wp-block-heading\" id=\"avertissement\">Avertissement<\/h2>\n\n\n\n<p>Les informations contenues sur le site niceshopping.fr ont un caract\u00e8re indicatif et non contractuel. Nous nous effor\u00e7ons d\u2019assurer l\u2019exactitude et la mise \u00e0 jour des informations diffus\u00e9es sur ce site, dont nous nous r\u00e9servons le droit de corriger, \u00e0 tout moment et sans pr\u00e9avis, le contenu. Ce contenu est non-exhaustif. La soci\u00e9t\u00e9 Nice Shopping d\u00e9cline toute responsabilit\u00e9 en cas d\u2019erreur, d\u2019inexactitude ou d\u2019omission dans ces informations.<\/p>\n\n\n\n<h2 class=\"wp-block-heading\" id=\"droit-de-propriete\">Droit de propri\u00e9t\u00e9<\/h2>\n\n\n\n<p>Le site et les diff\u00e9rents \u00e9l\u00e9ments le composant sont prot\u00e9g\u00e9s par le droit de la propri\u00e9t\u00e9 intellectuelle et industrielle. Par cons\u00e9quent, toute repr\u00e9sentation, toute reproduction et, de mani\u00e8re plus g\u00e9n\u00e9rale, toute exploitation, par quelque proc\u00e9d\u00e9 que ce soit, de tout ou partie du site (sa structure g\u00e9n\u00e9rale, photographies, informations, ic\u00f4nes, logos, graphismes y figurant), sans l\u2019autorisation pr\u00e9alable et \u00e9crite de la soci\u00e9t\u00e9 Nice Shopping est strictement interdite. Les informations contenues sur le site sont exclusivement r\u00e9serv\u00e9es \u00e0 un usage priv\u00e9. La reproduction de tout document publi\u00e9 sur le site de niceshopping.fr et l\u2019utilisation de copies r\u00e9alis\u00e9es n\u2019est autoris\u00e9 qu\u2019\u00e0 des fins d\u2019information pour un usage personnel et priv\u00e9.<\/p>\n<\/div><\/div>\n","protected":false},"excerpt":{"rendered":"<p>Editeur NICE SHOPPING 30 avenue Jean M\u00e9decin06000 Nice04 93 16 15 10contact@niceshopping.fr Association \u00e0 but non lucratif, loi de 1901.N\u00b0 de Siret : 830 929 584 00027 Pr\u00e9sident : Patrick NOLIERResponsable : Cindy ELKAIM O&#8217;NEILL H\u00e9bergement H\u00e9bergeur : OVH SERVEUR D\u00c9DI\u00c9 par Comdz \u2013 Dpi design2 rue Kellermann \u2013 59100 Roubaix \u2013 FranceSite Web :<\/p>\n","protected":false},"author":471,"featured_media":0,"parent":0,"menu_order":0,"comment_status":"closed","ping_status":"closed","template":"templates\/template-legal.php","meta":{"_acf_changed":false,"_seopress_robots_primary_cat":"","_seopress_titles_title":"","_seopress_titles_desc":"","_seopress_robots_index":"","inline_featured_image":false,"footnotes":""},"class_list":["post-8326","page","type-page","status-publish","hentry"],"acf":[],"_links":{"self":[{"href":"https:\/\/niceshopping.fr\/en\/wp-json\/wp\/v2\/pages\/8326","targetHints":{"allow":["GET"]}}],"collection":[{"href":"https:\/\/niceshopping.fr\/en\/wp-json\/wp\/v2\/pages"}],"about":[{"href":"https:\/\/niceshopping.fr\/en\/wp-json\/wp\/v2\/types\/page"}],"author":[{"embeddable":true,"href":"https:\/\/niceshopping.fr\/en\/wp-json\/wp\/v2\/users\/471"}],"replies":[{"embeddable":true,"href":"https:\/\/niceshopping.fr\/en\/wp-json\/wp\/v2\/comments?post=8326"}],"version-history":[{"count":0,"href":"https:\/\/niceshopping.fr\/en\/wp-json\/wp\/v2\/pages\/8326\/revisions"}],"wp:attachment":[{"href":"https:\/\/niceshopping.fr\/en\/wp-json\/wp\/v2\/media?parent=8326"}],"curies":[{"name":"wp","href":"https:\/\/api.w.org\/{rel}","templated":true}]}}