{"id":8332,"date":"2020-02-10T11:08:34","date_gmt":"2020-02-10T10:08:34","guid":{"rendered":"https:\/\/niceshopping.fr\/?page_id=8332"},"modified":"2020-02-10T11:08:40","modified_gmt":"2020-02-10T10:08:40","slug":"condizioni-di-utilizzo","status":"publish","type":"page","link":"https:\/\/niceshopping.fr\/it\/condizioni-di-utilizzo\/","title":{"rendered":"Condizioni di utilizzo"},"content":{"rendered":"\n<p>Le pr\u00e9sent document a pour objet de d\u00e9finir les modalit\u00e9s et conditions dans lesquelles d\u2019une part, Nice Shopping, met \u00e0 la disposition de ses utilisateurs le site, et les services disponibles sur le site et d\u2019autre part, la mani\u00e8re par laquelle l\u2019utilisateur acc\u00e8de au site et utilise ses services.  Toute connexion au site est subordonn\u00e9e au respect des pr\u00e9sentes conditions.  Pour l\u2019utilisateur, le simple acc\u00e8s au site de Nice Shopping \u00e0 l\u2019adresse URL suivante https:\/\/niceshopping.fr\/ implique l\u2019acceptation de l\u2019ensemble des conditions d\u00e9crites ci-apr\u00e8s.<\/p>\n\n\n\n<p>Propri\u00e9t\u00e9 intellectuelle :  Article 1  La structure g\u00e9n\u00e9rale du site Nice Shopping, ainsi que les textes, graphiques, images, sons et  vid\u00e9os la composant, sont la propri\u00e9t\u00e9 de l\u2019\u00e9diteur ou de ses partenaires. Toute repr\u00e9sentation et\/ou reproduction et\/ou exploitation partielle ou totale des contenus et services propos\u00e9s par le site Nice Shopping, par quelque proc\u00e9d\u00e9 que ce soit, sans l\u2019autorisation pr\u00e9alable et par \u00e9crit de Nice Shopping et\/ou de ses partenaires est strictement interdite et serait susceptible de constituer une contrefa\u00e7on au sens des articles L 335-2 et suivants du Code de la propri\u00e9t\u00e9 intellectuelle.  Article 2  Aucune reproduction, m\u00eame partielle pr\u00e9vue \u00e0 l\u2019article L.122-5 du Code de la propri\u00e9t\u00e9 intellectuelle, ne peut \u00eatre faite de ce site sans l\u2019autorisation du directeur de publication. Article 3 Tous les \u00e9l\u00e9ments de ce site, y compris les documents t\u00e9l\u00e9chargeables, sont libres de droit. A l\u2019exception de l\u2019iconographie, la reproduction des pages de ce site est autoris\u00e9e \u00e0 la condition d\u2019y mentionner la source. Elles ne peuvent \u00eatre utilis\u00e9es \u00e0 des fins commerciales et publicitaires.<\/p>\n\n\n\n<p>Liens hypertextes : Le site Nice Shopping peut contenir des liens hypertextes vers d\u2019autres sites pr\u00e9sents sur le r\u00e9seau Internet. Les liens vers ces autres ressources vous font quitter le site Nice Shopping.  Il est possible de cr\u00e9er un lien vers la page de pr\u00e9sentation de ce site sans autorisation expresse de Nice Shopping. Aucune autorisation ou demande d\u2019information pr\u00e9alable ne peut \u00eatre exig\u00e9e par l\u2019\u00e9diteur \u00e0 l\u2019\u00e9gard d\u2019un site qui souhaite \u00e9tablir un lien vers le site de l\u2019\u00e9diteur. Il convient toutefois d\u2019afficher ce site dans une nouvelle fen\u00eatre du navigateur. Cependant, l\u2019\u00e9diteur se r\u00e9serve le droit de demander la suppression d\u2019un lien qu\u2019il estime non conforme \u00e0 l\u2019objet du site Nice Shopping.<\/p>\n\n\n\n<p>Responsabilit\u00e9 de l\u2019\u00e9diteur : Les informations et\/ou documents figurant sur ce site et\/ou accessibles par ce site proviennent de sources consid\u00e9r\u00e9es comme \u00e9tant fiables.  Toutefois, ces informations et\/ou documents sont susceptibles de contenir des inexactitudes techniques et des erreurs typographiques.  Nice Shopping se r\u00e9serve le droit de les corriger, d\u00e8s que ces erreurs sont port\u00e9es \u00e0 sa connaissance.  Il est fortement recommand\u00e9 de v\u00e9rifier l\u2019exactitude et la pertinence des informations et\/ou documents mis \u00e0 disposition sur ce site.  Les informations et\/ou documents disponibles sur ce site sont susceptibles d\u2019\u00eatre modifi\u00e9s \u00e0 tout moment, et peuvent avoir fait l\u2019objet de mises \u00e0 jour. En particulier, ils peuvent avoir fait l\u2019objet d\u2019une mise \u00e0 jour entre le moment de leur t\u00e9l\u00e9chargement et celui o\u00f9 l\u2019utilisateur en prend connaissance.  L\u2019utilisation des informations et\/ou documents disponibles sur ce site se fait sous l\u2019enti\u00e8re et seule responsabilit\u00e9 de l\u2019utilisateur, qui assume la totalit\u00e9 des cons\u00e9quences pouvant en d\u00e9couler, sans que Nice Shopping puisse \u00eatre recherch\u00e9 \u00e0 ce titre, et sans recours contre ce dernier.  Nice Shopping ne pourra en aucun cas \u00eatre tenu responsable de tout dommage de quelque nature qu\u2019il soit r\u00e9sultant de l\u2019interpr\u00e9tation ou de l\u2019utilisation des informations et\/ou documents disponibles sur ce site.<\/p>\n\n\n\n<p>Acc\u00e8s au site : Nice Shopping s\u2019efforce de permettre l\u2019acc\u00e8s au site 24 heures sur 24, 7 jours sur 7, sauf en cas de force majeure ou d\u2019un \u00e9v\u00e9nement hors du contr\u00f4le de Nice Shopping, et sous r\u00e9serve des \u00e9ventuelles pannes et interventions de maintenance n\u00e9cessaires au bon fonctionnement du site et des services.  Par cons\u00e9quent, Nice Shopping ne peut garantir une disponibilit\u00e9 du site et\/ou des services, une fiabilit\u00e9 des transmissions et des performances en terme de temps de r\u00e9ponse ou de qualit\u00e9.  La responsabilit\u00e9 de l\u2019\u00e9diteur ne saurait \u00eatre engag\u00e9e en cas d\u2019impossibilit\u00e9 d\u2019acc\u00e8s \u00e0 ce site et\/ou d\u2019utilisation des services.  Par ailleurs, Nice Shopping peut \u00eatre amen\u00e9 \u00e0 interrompre le site ou une partie des services, \u00e0 tout moment sans pr\u00e9avis, le tout sans droit \u00e0 indemnit\u00e9s. L\u2019utilisateur reconna\u00eet et accepte que Nice Shopping ne soit pas responsable des interruptions, et des cons\u00e9quences qui peuvent en d\u00e9couler pour l\u2019utilisateur ou tout tiers.<\/p>\n\n\n\n<p>Modification des conditions d\u2019utilisation : Nice Shopping se r\u00e9serve la possibilit\u00e9 de modifier, \u00e0 tout moment et sans pr\u00e9avis, les pr\u00e9sentes conditions d\u2019utilisation afin de les adapter aux \u00e9volutions du site et\/ou de son exploitation.<\/p>\n\n\n\n<p>R\u00e8gles d\u2019usage d\u2019Internet: L\u2019utilisateur d\u00e9clare accepter les caract\u00e9ristiques et les limites d\u2019Internet, et notamment reconna\u00eet que: Nice Shopping n\u2019assume aucune responsabilit\u00e9 sur les services accessibles par Internet et n\u2019exerce aucun contr\u00f4le de quelque forme que ce soit sur la nature et les caract\u00e9ristiques des donn\u00e9es qui pourraient transiter par l\u2019interm\u00e9diaire de son centre serveur.  L\u2019utilisateur reconna\u00eet que les donn\u00e9es circulant sur Internet ne sont pas prot\u00e9g\u00e9es notamment contre les d\u00e9tournements \u00e9ventuels.<\/p>\n\n\n\n<p>La pr\u00e9sence du logo &#8220;V\u00e9rifi\u00e9&#8221; institue une pr\u00e9somption simple de validit\u00e9. La communication de toute information jug\u00e9e par l\u2019utilisateur de nature sensible ou confidentielle se fait \u00e0 ses risques et p\u00e9rils.  L\u2019utilisateur reconna\u00eet que les donn\u00e9es circulant sur Internet peuvent \u00eatre r\u00e9glement\u00e9es en termes d\u2019usage ou \u00eatre prot\u00e9g\u00e9es par un droit de propri\u00e9t\u00e9. L\u2019utilisateur est seul responsable de l\u2019usage des donn\u00e9es qu\u2019il consulte, interroge et transf\u00e8re sur Internet.<\/p>\n\n\n\n<p>Droit applicable : Tant le pr\u00e9sent site que les modalit\u00e9s et conditions de son utilisation sont r\u00e9gis par le droit fran\u00e7ais, quel que soit le lieu d\u2019utilisation. En cas de contestation \u00e9ventuelle, et apr\u00e8s l\u2019\u00e9chec de toute tentative de recherche d\u2019une solution amiable, les tribunaux fran\u00e7ais seront seuls comp\u00e9tents pour conna\u00eetre de ce litige.  Pour toute question relative aux pr\u00e9sentes conditions d\u2019utilisation du site, vous pouvez nous \u00e9crire \u00e0 l\u2019adresse suivante : contact@niceshopping.fr<\/p>\n","protected":false},"excerpt":{"rendered":"<p>Le pr\u00e9sent document a pour objet de d\u00e9finir les modalit\u00e9s et conditions dans lesquelles d\u2019une part, Nice Shopping, met \u00e0 la disposition de ses utilisateurs le site, et les services disponibles sur le site et d\u2019autre part, la mani\u00e8re par laquelle l\u2019utilisateur acc\u00e8de au site et utilise ses services. Toute connexion au site est subordonn\u00e9e<\/p>\n","protected":false},"author":471,"featured_media":0,"parent":0,"menu_order":0,"comment_status":"closed","ping_status":"closed","template":"","meta":{"_acf_changed":false,"_seopress_robots_primary_cat":"","_seopress_titles_title":"","_seopress_titles_desc":"","_seopress_robots_index":"","inline_featured_image":false,"footnotes":""},"class_list":["post-8332","page","type-page","status-publish","hentry"],"acf":[],"_links":{"self":[{"href":"https:\/\/niceshopping.fr\/it\/wp-json\/wp\/v2\/pages\/8332","targetHints":{"allow":["GET"]}}],"collection":[{"href":"https:\/\/niceshopping.fr\/it\/wp-json\/wp\/v2\/pages"}],"about":[{"href":"https:\/\/niceshopping.fr\/it\/wp-json\/wp\/v2\/types\/page"}],"author":[{"embeddable":true,"href":"https:\/\/niceshopping.fr\/it\/wp-json\/wp\/v2\/users\/471"}],"replies":[{"embeddable":true,"href":"https:\/\/niceshopping.fr\/it\/wp-json\/wp\/v2\/comments?post=8332"}],"version-history":[{"count":0,"href":"https:\/\/niceshopping.fr\/it\/wp-json\/wp\/v2\/pages\/8332\/revisions"}],"wp:attachment":[{"href":"https:\/\/niceshopping.fr\/it\/wp-json\/wp\/v2\/media?parent=8332"}],"curies":[{"name":"wp","href":"https:\/\/api.w.org\/{rel}","templated":true}]}}