{"id":8447,"date":"2020-02-12T11:59:48","date_gmt":"2020-02-12T10:59:48","guid":{"rendered":"https:\/\/niceshopping.fr\/?page_id=8447"},"modified":"2024-06-12T18:06:07","modified_gmt":"2024-06-12T16:06:07","slug":"accesso","status":"publish","type":"page","link":"https:\/\/niceshopping.fr\/it\/accesso\/","title":{"rendered":"CONNESSIONE"},"content":{"rendered":"\n<div class=\"wp-block-group alignwide\"><div class=\"wp-block-group__inner-container is-layout-flow wp-block-group-is-layout-flow\">\n<header class=\"entry-header is-double-title\">\n\t\t\t<h1 class=\"entry-title is-yellow\">Mon compte<\/h1>\n\t\t\t<span class=\"sub-title\">Commer\u00e7ant<\/span>\n\t\t<\/header>\n\n\n\n<h1 class=\"wp-block-heading\">Ma fiche commerce<\/h1>\n\n\n\n<p>Vous \u00eates commer\u00e7ant ou artisan \u00e0 Nice ? Vous souhaitez inscrire gratuitement votre commerce sur le site de Nice Shopping ou acc\u00e9der \u00e0 votre compte commer\u00e7ant ? C&#8217;est par ici !<\/p>\n\n\n\n<div class=\"wp-block-buttons is-layout-flex wp-block-buttons-is-layout-flex\">\n<div class=\"wp-block-button\"><a class=\"wp-block-button__link wp-element-button\" href=\"https:\/\/niceshopping.fr\/wp-content\/uploads\/2023\/07\/guide-commercant-2023-1105.pdf\" style=\"border-radius:0px\">T\u00e9l\u00e9chargez votre guide commer\u00e7ant<\/a><\/div>\n<\/div>\n\n\n\n<div class=\"um um-login um-319\">\n\t<div class=\"um-form\">\n\t\t<form method=\"post\" action=\"\" autocomplete=\"off\">\n\t\t\t<div class=\"um-row _um_row_1 \" style=\"margin: 0 0 30px 0;\"><div class=\"um-col-1\"><div  id=\"um_field_319_username\" class=\"um-field um-field-text  um-field-username um-field-text um-field-type_text\" data-key=\"username\"><div class=\"um-field-label\"><label for=\"username-319\">E-mail<\/label><div class=\"um-clear\"><\/div><\/div><div class=\"um-field-area\"><input  autocomplete=\"off\" class=\"um-form-field valid \" type=\"text\" name=\"username-319\" id=\"username-319\" value=\"\" placeholder=\"\" data-validate=\"unique_username_or_email\" data-key=\"username\"  aria-invalid=\"false\" \/>\n\n\t\t\t\t\t\t<\/div><\/div><div  id=\"um_field_319_user_password\" class=\"um-field um-field-password  um-field-user_password um-field-password um-field-type_password\" data-key=\"user_password\"><div class=\"um-field-label\"><label for=\"user_password-319\">Password<\/label><div class=\"um-clear\"><\/div><\/div><div class=\"um-field-area\"><input class=\"um-form-field valid \" type=\"password\" name=\"user_password-319\" id=\"user_password-319\" value=\"\" placeholder=\"\" data-validate=\"\" data-key=\"user_password\"  aria-invalid=\"false\" \/>\n\n\t\t\t\t\t\t\t<\/div><\/div><\/div><\/div>\t<input type=\"hidden\" name=\"form_id\" id=\"form_id_319\" value=\"319\" \/>\n\t\t<p class=\"um_request_name\">\n\t\t<label for=\"um_request_319\">Only fill in if you are not human<\/label>\n\t\t<input type=\"hidden\" name=\"um_request\" id=\"um_request_319\" class=\"input\" value=\"\" size=\"25\" autocomplete=\"off\" \/>\n\t<\/p>\n\t<input type=\"hidden\" name=\"redirect_to\" id=\"redirect_to\" value=\"https:\/\/niceshopping.fr\/mon-compte\/\" \/><input type=\"hidden\" id=\"_wpnonce\" name=\"_wpnonce\" value=\"2172deb13e\" \/><input type=\"hidden\" name=\"_wp_http_referer\" value=\"\/it\/wp-json\/wp\/v2\/pages\/8447\" \/>\n\t<div class=\"um-col-alt\">\n\n\t\t\n\n\t\t\t<div class=\"um-field um-field-c\">\n\t\t\t\t<div class=\"um-field-area\">\n\t\t\t\t\t<label class=\"um-field-checkbox\">\n\t\t\t\t\t\t<input type=\"checkbox\" name=\"rememberme\" value=\"1\"  \/>\n\t\t\t\t\t\t<span class=\"um-field-checkbox-state\"><i class=\"um-icon-android-checkbox-outline-blank\"><\/i><\/span>\n\t\t\t\t\t\t<span class=\"um-field-checkbox-option\"> Ricordati di me<\/span>\n\t\t\t\t\t<\/label>\n\t\t\t\t<\/div>\n\t\t\t<\/div>\n\n\t\t\t\t\t\t<div class=\"um-clear\"><\/div>\n\t\t\n\t\t\t<div class=\"um-center\">\n\t\t\t\t<input type=\"submit\" value=\"Connessione\" class=\"um-button\" id=\"um-submit-btn\" \/>\n\t\t\t<\/div>\n\n\t\t\n\t\t<div class=\"um-clear\"><\/div>\n\n\t<\/div>\n\n\t\n\t<div class=\"um-col-alt-b\">\n\t\t<a href=\"https:\/\/niceshopping.fr\/reinitialisation-mot-de-passe\/\" class=\"um-link-alt\">\n\t\t\tHai dimenticato la tua password?\t\t<\/a>\n\t<\/div>\n\n\t\t\t<\/form>\n\t<\/div>\n<\/div>\n<style>\n\t\t\t.um-319.um {\n\t\t\tmax-width: 600px;\n\t\t}\n\t\t<\/style>\n\n\n\n\n<h3 class=\"wp-block-heading has-text-align-center\"><strong>NON HAI ANCORA UN ACCOUNT?<\/strong><\/h3>\n\n\n\n<p class=\"has-text-align-center\">Vuoi iscrivere GRATUITAMENTE il tuo negozio nizzardo sul sito di Nice Shopping?<\/p>\n\n\n\n<p class=\"has-text-align-center\"> Invia la tua richiesta a&nbsp;<a href=\"mailto:contact@niceshopping.fr\">contact@niceshopping.fr<\/a><\/p>\n\n\n\n<p class=\"has-text-align-center\">o utilizza il <a href=\"https:\/\/niceshopping.fr\/inscription\/\">nostro modulo di contatto<\/a>.<\/p>\n<\/div><\/div>\n\n\n\n<div class=\"wp-block-group alignwide newsletter newsletter-style-2 has-black-background-color has-background\"><div class=\"wp-block-group__inner-container is-layout-constrained wp-block-group-is-layout-constrained\">\n\t\t\t<form id=\"sib_signup_form_8\" method=\"post\" class=\"sib_signup_form\">\n\t\t\t\t<div class=\"sib_loader\" style=\"display:none;\"><img\n\t\t\t\t\t\t\tsrc=\"https:\/\/niceshopping.fr\/wp-includes\/images\/spinner.gif\" alt=\"loader\"><\/div>\n\t\t\t\t<input type=\"hidden\" name=\"sib_form_action\" value=\"subscribe_form_submit\">\n\t\t\t\t<input type=\"hidden\" name=\"sib_form_id\" value=\"8\">\n                <input type=\"hidden\" name=\"sib_form_alert_notice\" value=\"Remplissez ce champ s\u2019il vous pla\u00eet\">\n                <input type=\"hidden\" name=\"sib_form_invalid_email_notice\" value=\"Cette adresse email n&#039;est pas valide\">\n                <input type=\"hidden\" name=\"sib_security\" value=\"75e291be19\">\n\t\t\t\t<div class=\"sib_signup_box_inside_8\">\n\t\t\t\t\t<div style=\"\/*display:none*\/\" class=\"sib_msg_disp\">\n\t\t\t\t\t<\/div>\n                    \t\t\t\t\t<div class=\"row\">\r\n<div class=\"col\">\r\n<h2>\r\n  Newsletter\r\n<\/h2>\r\n<p class=\"info-mailing\">\r\n  Abbonati alla newsletter per ricevere in anteprima tutte le news sugli eventi Nice Shopping\r\n<\/p>\r\n<\/div>\r\n\r\n<div class=\"col\">\r\n\r\n<div class=\"\">   \r\n<label class=\"screen-reader-text\">E-mail*<\/label> \r\n<input type=\"email\" class=\"sib-email-area form-control\" name=\"email\" placeholder=\"E-mail*\" value=\"\" required=\"required\">\r\n<\/div>\r\n\r\n<div class=\"d-flex justify-content-center\">\r\n<div class=\"agree-to-terms\">\r\n<input type=\"checkbox\" name=\"terms\" id=\"agree-to-terms-cb\" required=\"required\">\r\n<label for=\"agree-to-terms-cb\">Accetto di ricevere la newsletter di Nice Shopping *<\/label>\r\n<span><\/span>\r\n<\/div>          \r\n<\/div>\r\n\r\n<\/div>\r\n\r\n<div class=\"col\">\r\n    <input type=\"submit\" class=\"sib-default-btn btn btn-white\" name=\"submit\" value=\"Iscrizione\"> \r\n<\/div>\r\n<\/div>\r\n\r\n<p class=\"notice-rgpd\">Per conoscere ed esercitare i tuoi diritti per quanto riguarda l\u2019utilizzo dei dati raccolti grazie a questo modulo, ti invitiamo a consultare la nostra <a href=\"https:\/\/niceshopping.fr\/it\/informativa-sulla-privacy\/\">informativa sulla privacy<\/a>.<\/p>\r\n\t\t\t\t<\/div>\n\t\t\t<\/form>\n\t\t\t<style>\n\t\t\t\tform#sib_signup_form_8 p.sib-alert-message {\n    padding: 6px 12px;\n    margin-bottom: 20px;\n    border: 1px solid transparent;\n    border-radius: 4px;\n    -webkit-box-sizing: border-box;\n    -moz-box-sizing: border-box;\n    box-sizing: border-box;\n}\nform#sib_signup_form_8 p.sib-alert-message-error {\n    background-color: #f2dede;\n    border-color: #ebccd1;\n    color: #a94442;\n}\nform#sib_signup_form_8 p.sib-alert-message-success {\n    background-color: #dff0d8;\n    border-color: #d6e9c6;\n    color: #3c763d;\n}\nform#sib_signup_form_8 p.sib-alert-message-warning {\n    background-color: #fcf8e3;\n    border-color: #faebcc;\n    color: #8a6d3b;\n}\n\t\t\t<\/style>\n\t\t\t\n<\/div><\/div>\n","protected":false},"excerpt":{"rendered":"<p>Mon compte Commer\u00e7ant Ma fiche commerce Vous \u00eates commer\u00e7ant ou artisan \u00e0 Nice ? Vous souhaitez inscrire gratuitement votre commerce sur le site de Nice Shopping ou acc\u00e9der \u00e0 votre compte commer\u00e7ant ? C&#8217;est par ici ! NON HAI ANCORA UN ACCOUNT? Vuoi iscrivere GRATUITAMENTE il tuo negozio nizzardo sul sito di Nice Shopping? Invia<\/p>\n","protected":false},"author":471,"featured_media":0,"parent":0,"menu_order":0,"comment_status":"closed","ping_status":"closed","template":"","meta":{"_acf_changed":false,"_seopress_robots_primary_cat":"","_seopress_titles_title":"","_seopress_titles_desc":"","_seopress_robots_index":"","inline_featured_image":false,"footnotes":""},"class_list":["post-8447","page","type-page","status-publish","hentry"],"acf":[],"_links":{"self":[{"href":"https:\/\/niceshopping.fr\/it\/wp-json\/wp\/v2\/pages\/8447","targetHints":{"allow":["GET"]}}],"collection":[{"href":"https:\/\/niceshopping.fr\/it\/wp-json\/wp\/v2\/pages"}],"about":[{"href":"https:\/\/niceshopping.fr\/it\/wp-json\/wp\/v2\/types\/page"}],"author":[{"embeddable":true,"href":"https:\/\/niceshopping.fr\/it\/wp-json\/wp\/v2\/users\/471"}],"replies":[{"embeddable":true,"href":"https:\/\/niceshopping.fr\/it\/wp-json\/wp\/v2\/comments?post=8447"}],"version-history":[{"count":2,"href":"https:\/\/niceshopping.fr\/it\/wp-json\/wp\/v2\/pages\/8447\/revisions"}],"predecessor-version":[{"id":31933,"href":"https:\/\/niceshopping.fr\/it\/wp-json\/wp\/v2\/pages\/8447\/revisions\/31933"}],"wp:attachment":[{"href":"https:\/\/niceshopping.fr\/it\/wp-json\/wp\/v2\/media?parent=8447"}],"curies":[{"name":"wp","href":"https:\/\/api.w.org\/{rel}","templated":true}]}}